{"id":10186,"date":"2025-12-03T23:58:40","date_gmt":"2025-12-04T07:58:40","guid":{"rendered":"https:\/\/esfadevelop.wpenginepowered.com\/safe-haven\/"},"modified":"2026-01-13T12:06:04","modified_gmt":"2026-01-13T20:06:04","slug":"safe-haven","status":"publish","type":"page","link":"https:\/\/eastsideforall.org\/es\/safe-haven\/","title":{"rendered":"Safe Haven"},"content":{"rendered":"<p><img loading=\"lazy\" decoding=\"async\" class=\"alignnone wp-image-559 size-full\" src=\"https:\/\/eastsideforall.org\/wp-content\/uploads\/2025\/12\/Safe-Haven-graphic-2024-768x432-1.png\" alt=\"\" width=\"768\" height=\"432\" srcset=\"https:\/\/eastsideforall.org\/wp-content\/uploads\/2025\/12\/Safe-Haven-graphic-2024-768x432-1.png 768w, https:\/\/eastsideforall.org\/wp-content\/uploads\/2025\/12\/Safe-Haven-graphic-2024-768x432-1-300x169.png 300w\" sizes=\"auto, (max-width: 768px) 100vw, 768px\" \/><\/p>\n<p><em><strong>Safe Haven es una coalici\u00f3n informal de representantes de m\u00e1s de 35 organizaciones (120 miembros) que se re\u00fane para compartir informaci\u00f3n y movilizar recursos. Los miembros de Safe Haven trabajan con los distritos escolares locales, los gobiernos municipales y otras instituciones para promover la justicia ling\u00fc\u00edstica, el apoyo cultural y el acceso equitativo a oportunidades para los miembros de la comunidad inmigrante.\u00a0<\/strong><\/em><\/p>\n<p>&#8230;&#8230;&#8230;&#8230;&#8230;&#8230;&#8230;&#8230;.<\/p>\n<p><strong><span style=\"color: #f35344;\">J\u00danase a nuestras reuniones mensuales de \u00abCafecitos\u00bb el tercer mi\u00e9rcoles de cada mes, de 9:00 a 10:00 a. m., para identificar prioridades de defensa de derechos, compartir informaci\u00f3n y colaborar en el apoyo a inmigrantes, solicitantes de asilo y refugiados locales. A partir de enero de 2025, celebraremos reuniones con mayor frecuencia. Para obtener m\u00e1s informaci\u00f3n y recibir notificaciones, comun\u00edquese con <span style=\"color: #3d3df2;\"><a style=\"color: #3d3df2;\" href=\"mailto:guillermo@eastsideforall.org\">Guillermo Rivera<\/a><\/span> (correo electr\u00f3nico) o llame al 425-209-0707. \u00a1Agradecemos su liderazgo y apoyo! Consulte nuestra <a href=\"https:\/\/eastsideforall.org\/calendar\/\">p\u00e1gina del calendario<\/a> para ver las pr\u00f3ximas reuniones y eventos.<\/span><span style=\"color: #f35344;\">\u00a0<\/span><\/strong><\/p>\n<p><strong>Muchos de nuestros miembros trabajaron para apoyar a las familias locales afectadas por las pol\u00edticas antiinmigrantes durante la primera administraci\u00f3n de Trump, y seguiremos fortaleciendo nuestros recursos y protecciones en 2025.<\/strong><\/p>\n<p><strong>&gt;&gt;&gt; AObtenga m\u00e1s informaci\u00f3n sobre las organizaciones comunitarias que brindan servicios esenciales en este <a href=\"https:\/\/immigrant-community-responders.directify.xyz\/\">directorio<\/a>, creado como parte de una campa\u00f1a de donaciones lanzada durante la <a href=\"http:\/\/eastsidewelcomes.org\/\">Semana de Bienvenida de 2025<\/a>.\u00a0<\/strong><\/p>\n<hr \/>\n<h2><a href=\"https:\/\/eastsideforall.org\/wp-content\/uploads\/2025\/11\/EN-East-King-RISE-Packet.pdf\" target=\"_blank\" rel=\"noopener\">&#8211; View or print our \u00abEast King RISE Packet (Rapid Intervention for Safety &amp; Equity)\u00bb in English<\/a><\/h2>\n<p>___________________________________________________________________________________________________________________________________<\/p>\n<h2><a href=\"https:\/\/eastsideforall.org\/wp-content\/uploads\/2025\/11\/SP-East-King-RISE-Rapid-Intervention-for-Safety-Equity.pdf\">&#8211; Ver o imprimir nuestro \u00abEast King RISE Packet (Rapid Intervention for Safety &amp; Equity)\u00bb en Espa\u00f1ol<\/a><\/h2>\n<p>___________________________________________________________________________________________________________________________________<\/p>\n<h3>La Red de Solidaridad de Immingrantes en Washington (WAISN- WA Immigrant Solidarity Network) L\u00ednea de Defensa contra la deportacion Deportaci\u00f3n<strong>:<\/strong><\/h3>\n<p>Comun\u00edquese al siguiente n\u00famero pPara informar sobre actividades de ICE,\u00a0 (de lunes a viernes, de 8:00 a 18:00) al <a href=\"tel:1-844-724-3737\"><strong>1-844-724-3737<\/strong><\/a><\/p>\n<h4><strong>DEFENSA de MIGRA<\/strong><\/h4>\n<ul>\n<li aria-level=\"1\">Conoce tus Derechos &#8211; <a href=\"https:\/\/waisn.org\/kyrice\/\">English &#8211; Spanish and 17\u00a0 others languages<\/a><\/li>\n<li aria-level=\"1\">Conoce tus Derechis con la corte de Imigraci\u00f3n &#8211; <a href=\"https:\/\/waisn.org\/know-your-rights-with-immigration-in-court\/\">English and Spanish<\/a><\/li>\n<li aria-level=\"1\"><span style=\"font-weight: 400;\">Guia para transe\u00fantes y observadores &#8211; <\/span><a href=\"https:\/\/waisn.org\/bystander-and-observer-guidelines\/\"><span style=\"font-weight: 400;\">English<\/span><span style=\"font-weight: 400;\"> and <\/span><span style=\"font-weight: 400;\">Spanish<\/span><\/a><\/li>\n<li aria-level=\"1\">PBS &#8211; Gu\u00eda para navejar en el sistema de tribunales de inmigraci\u00f3n en Washington &#8211; <a href=\"https:\/\/www.cascadepbs.org\/investigations\/2025\/09\/a-guide-to-navigating-the-immigration-court-system-in-wa-state\/?utm_medium=email&amp;utm_source=engagingnetworks&amp;utm_campaign=CC%20Weekly&amp;utm_content=9.14.25+Weekly\">English<\/a> and <a href=\"https:\/\/www.cascadepbs.org\/investigations\/2025\/09\/una-guia-de-los-tribunales-de-inmigracion-en-el-estado-de-washington\/?utm_medium=email&amp;utm_source=engagingnetworks&amp;utm_campaign=CC%20Weekly&amp;utm_content=9.14.25+Weekly\">Spanish<\/a><\/li>\n<\/ul>\n<p>&#8212;&#8212;&#8212;&#8212;&#8212;&#8212;&#8212;<\/p>\n<p>&nbsp;<\/p>\n<h4>Plan de Emergencia (en caso de detenci<span class=\"Y2IQFc\" lang=\"es\">\u00f3<\/span>n o deportaci<span class=\"Y2IQFc\" lang=\"es\">\u00f3<\/span>n)<\/h4>\n<p><em><strong>En 2020, miembros de Safe Haven colaboraron con el Programa de Asistencia Legal de Eastside (<a href=\"https:\/\/elap.org\/\">ELAP<\/a>) para desarrollar una gu\u00eda de recursos para familias en riesgo de detenci\u00f3n y deportaci\u00f3n. La <a href=\"https:\/\/promotoresnetwork.org\/\">King County Promotores Network<\/a> lider\u00f3 el desarrollo y la publicaci\u00f3n de la gu\u00eda, y capacit\u00f3 a m\u00e1s de 100 miembros de la comunidad (promotoras) para que compartieran la informaci\u00f3n con otras personas. Si desea hacer una donaci\u00f3n para ayudar a actualizar la gu\u00eda y traducirla a m\u00e1s idiomas, comun\u00edquese con <a href=\"mailto:guillermo@eastsideforall.org\">Guillermo Rivera<\/a>.<\/strong><\/em><\/p>\n<p><strong><a href=\"https:\/\/eastsideforall.org\/wp-content\/uploads\/2021\/01\/Guia-de-Orientacion-Plan-de-Emergencia-Familiar-en-Caso-de-Detenci\u00f3n-o-Deportaci\u00f3n-de-los-Padres-Version-Grupo-1-12-21-FINAL.pdf\">Plan de Emergencia Familiar en caso de detenci<span class=\"Y2IQFc\" lang=\"es\">\u00f3<\/span>n o deportaci<span class=\"Y2IQFc\" lang=\"es\">\u00f3<\/span>n<\/a> (para Facilitadores)<\/strong><\/p>\n<p><strong><a href=\"https:\/\/eastsideforall.org\/wp-content\/uploads\/2021\/01\/Guia-de-Orientacion-Plan-de-Emergencia-Familiar-en-Caso-de-Detenci\u00f3n-o-Deportaci\u00f3n-de-los-Padres-Version-Individual-1-12-21-FINAL.pdf\">Plan de Emergencia Familiar en caso de detenci<span class=\"Y2IQFc\" lang=\"es\">\u00f3<\/span>n o deportaci<span class=\"Y2IQFc\" lang=\"es\">\u00f3<\/span>n<\/a> (para individuales)<\/strong><\/p>\n<p>&#8212;&#8212;&#8212;&#8212;&#8212;&#8212;&#8212;<\/p>\n<h4><a href=\"https:\/\/eastsideforall.org\/resources\/immigrant-refugee-justice\/\"><strong>MAS RECURSOS\u00a0<\/strong><\/a><\/h4>\n<p><em><strong>Consulta la <a href=\"https:\/\/eastsideforall.org\/community-safety\/\">iniciativa de seguridad comunitaria<\/a> de Eastside For All y c\u00f3mo los socios de Eastside apoyan a los miembros de la comunidad que sufren actos de odio y discriminaci\u00f3n. <a href=\"https:\/\/eastsideforall.org\/community-safety\/\">Community Safety<\/a> initiative and how Eastside partners support community members experiencing hate and bias.<\/strong><\/em><\/p>\n<pre id=\"tw-target-text\" class=\"tw-data-text tw-text-large tw-ta\" dir=\"ltr\" data-placeholder=\"Translation\" aria-label=\"Translated text\" data-ved=\"2ahUKEwid-_v3md6FAxW2NzQIHbXUCfYQ3ewLegQIBhAU\"><\/pre>\n<p>&nbsp;<\/p>\n<p>&nbsp;<\/p>\n","protected":false},"excerpt":{"rendered":"<p>Safe Haven es una coalici\u00f3n informal de representantes de m\u00e1s de 35 organizaciones (120 miembros) que se re\u00fane para compartir&#8230;<\/p>\n","protected":false},"author":2,"featured_media":10178,"parent":0,"menu_order":0,"comment_status":"closed","ping_status":"closed","template":"","meta":{"_acf_changed":false,"footnotes":""},"class_list":["post-10186","page","type-page","status-publish","has-post-thumbnail","hentry"],"acf":[],"_links":{"self":[{"href":"https:\/\/eastsideforall.org\/es\/wp-json\/wp\/v2\/pages\/10186","targetHints":{"allow":["GET"]}}],"collection":[{"href":"https:\/\/eastsideforall.org\/es\/wp-json\/wp\/v2\/pages"}],"about":[{"href":"https:\/\/eastsideforall.org\/es\/wp-json\/wp\/v2\/types\/page"}],"author":[{"embeddable":true,"href":"https:\/\/eastsideforall.org\/es\/wp-json\/wp\/v2\/users\/2"}],"replies":[{"embeddable":true,"href":"https:\/\/eastsideforall.org\/es\/wp-json\/wp\/v2\/comments?post=10186"}],"version-history":[{"count":0,"href":"https:\/\/eastsideforall.org\/es\/wp-json\/wp\/v2\/pages\/10186\/revisions"}],"wp:featuredmedia":[{"embeddable":true,"href":"https:\/\/eastsideforall.org\/es\/wp-json\/wp\/v2\/media\/10178"}],"wp:attachment":[{"href":"https:\/\/eastsideforall.org\/es\/wp-json\/wp\/v2\/media?parent=10186"}],"curies":[{"name":"wp","href":"https:\/\/api.w.org\/{rel}","templated":true}]}}